{"id":22,"date":"2026-03-08T01:00:04","date_gmt":"2026-03-08T01:00:04","guid":{"rendered":"https:\/\/cofetariatheo.wp.stdev.ro\/cos\/"},"modified":"2026-04-08T20:47:29","modified_gmt":"2026-04-08T20:47:29","slug":"cos","status":"publish","type":"page","link":"https:\/\/cofetariatheo.wp.stdev.ro\/en\/cos\/","title":{"rendered":"Co\u0219"},"content":{"rendered":"<style>.elementor-22 .elementor-element.elementor-element-fc82e4f > .elementor-container{min-height:474px;}.elementor-22 .elementor-element.elementor-element-fc82e4f:not(.elementor-motion-effects-element-type-background), .elementor-22 .elementor-element.elementor-element-fc82e4f > .elementor-motion-effects-container > .elementor-motion-effects-layer{background-image:url(\"https:\/\/cofetariatheo.wp.stdev.ro\/wp-content\/uploads\/2026\/03\/slide-11-Torturi.jpg\");background-position:center center;background-repeat:no-repeat;background-size:cover;}.elementor-22 .elementor-element.elementor-element-fc82e4f > .elementor-background-overlay{background-color:var( --e-global-color-20d8fa2 );opacity:0.5;transition:background 0.3s, border-radius 0.3s, opacity 0.3s;}.elementor-22 .elementor-element.elementor-element-fc82e4f{transition:background 0.3s, border 0.3s, border-radius 0.3s, box-shadow 0.3s;margin-top:0px;margin-bottom:140px;}.elementor-22 .elementor-element.elementor-element-682b4da.elementor-column > .elementor-widget-wrap{justify-content:center;}.elementor-22 .elementor-element.elementor-element-2aa71f8{text-align:center;margin:0px 0px calc(var(--kit-widget-spacing, 0px) + 0px) 0px;}.elementor-22 .elementor-element.elementor-element-2aa71f8 .elementor-heading-title{font-family:\"Gwendolyn\", Sans-serif;font-size:103px;font-weight:normal;line-height:1em;text-shadow:0px 0px 10px rgba(144.5, 144.1858695652174, 144.1858695652174, 0.3);color:#FFFFFF;}.elementor-22 .elementor-element.elementor-element-3d32e2b > .elementor-container{max-width:1300px;}.elementor-22 .elementor-element.elementor-element-3d32e2b > .elementor-container > .elementor-column > .elementor-widget-wrap{align-content:center;align-items:center;}.elementor-22 .elementor-element.elementor-element-3d32e2b{padding:0px 100px 150px 100px;}.elementor-22 .elementor-element.elementor-element-cec4415{--update-cart-automatically-display:none;--sections-background-color:var( --e-global-color-20d8fa2 );--sections-border-type:solid;--sections-border-color:var( --e-global-color-c625856 );--sections-border-radius:50px 50px 50px 50px;--sections-title-color:var( --e-global-color-c625856 );--sections-descriptions-spacing:20px;--links-normal-color:var( --e-global-color-9a31472 );--links-hover-color:var( --e-global-color-c625856 );--sections-radio-buttons-color:var( --e-global-color-9a31472 );--forms-rows-gap:4px;--forms-fields-normal-color:var( --e-global-color-20d8fa2 );--forms-buttons-normal-text-color:var( --e-global-color-9a31472 );--forms-buttons-hover-text-color:var( --e-global-color-20d8fa2 );--forms-buttons-border-type:solid;--forms-buttons-border-color:var( --e-global-color-c625856 );--forms-buttons-border-radius:50px 50px 50px 50px;--forms-buttons-padding:10px 20px 10px 20px;--forms-buttons-width:auto;--order-summary-color:var( --e-global-color-9a31472 );--order-summary-variations-color:var( --e-global-color-9a31472 );--product-link-normal-color:var( --e-global-color-c625856 );--product-link-hover-color:var( --e-global-color-c625856 );--order-summary-items-divider-color:var( --e-global-color-c625856 );--order-summary-quantity-border-color:var( --e-global-color-c625856 );--order-summary-remove-icon-normal-color:var( --e-global-color-9a31472 );--order-summary-remove-icon-hover-color:var( --e-global-color-c625856 );--totals-color:var( --e-global-color-9a31472 );--checkout-button-normal-text-color:var( --e-global-color-9a31472 );--checkout-button-hover-text-color:var( --e-global-color-20d8fa2 );--checkout-button-border-radius:50px 50px 50px 50px;}.elementor-22 .elementor-element.elementor-element-cec4415 .e-cart-section{border-width:1px 1px 1px 1px;}.elementor-22 .elementor-element.elementor-element-cec4415 .cart_totals h2{font-family:\"Gwendolyn\", Sans-serif;font-size:40px;font-weight:normal;line-height:1em;}.elementor-22 .elementor-element.elementor-element-cec4415 {--sections-descriptions-color:var( --e-global-color-9a31472 );}.elementor-22 .elementor-element.elementor-element-cec4415 .e-cart-content, .elementor-22 .elementor-element.elementor-element-cec4415 .woocommerce-shipping-destination, .elementor-22 .elementor-element.elementor-element-cec4415 .shipping-calculator-button{font-family:\"Montaga\", Sans-serif;font-weight:400;}.elementor-22 .elementor-element.elementor-element-cec4415 #shipping_method li label{font-family:var( --e-global-typography-cc376d8-font-family ), Sans-serif;font-size:var( --e-global-typography-cc376d8-font-size );font-weight:var( --e-global-typography-cc376d8-font-weight );line-height:var( --e-global-typography-cc376d8-line-height );letter-spacing:var( --e-global-typography-cc376d8-letter-spacing );word-spacing:var( --e-global-typography-cc376d8-word-spacing );}.elementor-22 .elementor-element.elementor-element-cec4415 .coupon .input-text, .elementor-22 .elementor-element.elementor-element-cec4415 .cart-collaterals .input-text, .elementor-22 .elementor-element.elementor-element-cec4415 select, .elementor-22 .elementor-element.elementor-element-cec4415 .select2-selection--single{font-family:var( --e-global-typography-cc376d8-font-family ), Sans-serif;font-size:var( --e-global-typography-cc376d8-font-size );font-weight:var( --e-global-typography-cc376d8-font-weight );line-height:var( --e-global-typography-cc376d8-line-height );letter-spacing:var( --e-global-typography-cc376d8-letter-spacing );word-spacing:var( --e-global-typography-cc376d8-word-spacing );}.e-woo-select2-wrapper .select2-results__option{color:var( --e-global-color-20d8fa2 );}.elementor-22 .elementor-element.elementor-element-cec4415 .select2-container--default .select2-selection--single .select2-selection__arrow b{border-color:var( --e-global-color-20d8fa2 );}.elementor-22 .elementor-element.elementor-element-cec4415 .shop_table .button{font-family:\"Montaga\", Sans-serif;font-weight:400;background-color:#02010100;border-width:1px 1px 1px 1px;}.elementor-22 .elementor-element.elementor-element-cec4415 .shop_table .button:hover, .elementor-22 .elementor-element.elementor-element-cec4415 .shop_table .button:disabled[disabled]:hover{background-color:var( --e-global-color-c625856 );}.elementor-22 .elementor-element.elementor-element-cec4415 .woocommerce-cart-form{--order-summary-title-color:var( --e-global-color-9a31472 );}.elementor-22 .elementor-element.elementor-element-cec4415 .e-shop-table .cart th, .elementor-22 .elementor-element.elementor-element-cec4415 .e-shop-table .cart td:before{font-family:\"Montaga\", Sans-serif;font-weight:400;text-transform:uppercase;}.elementor-22 .elementor-element.elementor-element-cec4415 .cart td span, .elementor-22 .elementor-element.elementor-element-cec4415 .cart td, .elementor-22 .elementor-element.elementor-element-cec4415 .input-text.qty{font-family:var( --e-global-typography-cc376d8-font-family ), Sans-serif;font-size:var( --e-global-typography-cc376d8-font-size );font-weight:var( --e-global-typography-cc376d8-font-weight );line-height:var( --e-global-typography-cc376d8-line-height );letter-spacing:var( --e-global-typography-cc376d8-letter-spacing );word-spacing:var( --e-global-typography-cc376d8-word-spacing );}.elementor-22 .elementor-element.elementor-element-cec4415 .product-name .variation{font-family:var( --e-global-typography-cc376d8-font-family ), Sans-serif;font-size:var( --e-global-typography-cc376d8-font-size );font-weight:var( --e-global-typography-cc376d8-font-weight );line-height:var( --e-global-typography-cc376d8-line-height );letter-spacing:var( --e-global-typography-cc376d8-letter-spacing );word-spacing:var( --e-global-typography-cc376d8-word-spacing );}.elementor-22 .elementor-element.elementor-element-cec4415 .cart_totals .shop_table td:before, .elementor-22 .elementor-element.elementor-element-cec4415 .cart_totals .shop_table td .woocommerce-Price-amount{font-family:\"Montaga\", Sans-serif;font-size:17px;font-weight:400;}.elementor-22 .elementor-element.elementor-element-cec4415 .woocommerce .wc-proceed-to-checkout .checkout-button{background-color:#02010100;}.elementor-22 .elementor-element.elementor-element-cec4415 .woocommerce .wc-proceed-to-checkout .checkout-button:hover{background-color:var( --e-global-color-c625856 );}.elementor-22 .elementor-element.elementor-element-cec4415 .checkout-button{border-style:solid;border-width:1px 1px 1px 1px;}@media(max-width:1024px){.elementor-22 .elementor-element.elementor-element-fc82e4f > .elementor-container{min-height:309px;}.elementor-22 .elementor-element.elementor-element-fc82e4f{margin-top:0px;margin-bottom:90px;}.elementor-22 .elementor-element.elementor-element-2aa71f8 .elementor-heading-title{font-size:63px;}.elementor-22 .elementor-element.elementor-element-2aa71f8{margin:0px 0px calc(var(--kit-widget-spacing, 0px) + 0px) 0px;}.elementor-22 .elementor-element.elementor-element-3d32e2b{padding:0px 40px 100px 40px;}.elementor-22 .elementor-element.elementor-element-cec4415 .cart_totals h2{font-size:32px;}.elementor-22 .elementor-element.elementor-element-cec4415 #shipping_method li label{font-size:var( --e-global-typography-cc376d8-font-size );line-height:var( --e-global-typography-cc376d8-line-height );letter-spacing:var( --e-global-typography-cc376d8-letter-spacing );word-spacing:var( --e-global-typography-cc376d8-word-spacing );}.elementor-22 .elementor-element.elementor-element-cec4415 .coupon .input-text, .elementor-22 .elementor-element.elementor-element-cec4415 .cart-collaterals .input-text, .elementor-22 .elementor-element.elementor-element-cec4415 select, .elementor-22 .elementor-element.elementor-element-cec4415 .select2-selection--single{font-size:var( --e-global-typography-cc376d8-font-size );line-height:var( --e-global-typography-cc376d8-line-height );letter-spacing:var( --e-global-typography-cc376d8-letter-spacing );word-spacing:var( --e-global-typography-cc376d8-word-spacing );}.elementor-22 .elementor-element.elementor-element-cec4415 .cart td span, .elementor-22 .elementor-element.elementor-element-cec4415 .cart td, .elementor-22 .elementor-element.elementor-element-cec4415 .input-text.qty{font-size:var( --e-global-typography-cc376d8-font-size );line-height:var( --e-global-typography-cc376d8-line-height );letter-spacing:var( --e-global-typography-cc376d8-letter-spacing );word-spacing:var( --e-global-typography-cc376d8-word-spacing );}.elementor-22 .elementor-element.elementor-element-cec4415 .product-name .variation{font-size:var( --e-global-typography-cc376d8-font-size );line-height:var( --e-global-typography-cc376d8-line-height );letter-spacing:var( --e-global-typography-cc376d8-letter-spacing );word-spacing:var( --e-global-typography-cc376d8-word-spacing );}}@media(max-width:767px){.elementor-22 .elementor-element.elementor-element-fc82e4f > .elementor-container{min-height:186px;}.elementor-22 .elementor-element.elementor-element-fc82e4f{margin-top:0px;margin-bottom:60px;padding:0px 20px 0px 20px;}.elementor-22 .elementor-element.elementor-element-2aa71f8 .elementor-heading-title{font-size:48px;}.elementor-22 .elementor-element.elementor-element-3d32e2b{padding:0px 20px 0px 20px;}.elementor-22 .elementor-element.elementor-element-cec4415 #shipping_method li label{font-size:var( --e-global-typography-cc376d8-font-size );line-height:var( --e-global-typography-cc376d8-line-height );letter-spacing:var( --e-global-typography-cc376d8-letter-spacing );word-spacing:var( --e-global-typography-cc376d8-word-spacing );}.elementor-22 .elementor-element.elementor-element-cec4415 .coupon .input-text, .elementor-22 .elementor-element.elementor-element-cec4415 .cart-collaterals .input-text, .elementor-22 .elementor-element.elementor-element-cec4415 select, .elementor-22 .elementor-element.elementor-element-cec4415 .select2-selection--single{font-size:var( --e-global-typography-cc376d8-font-size );line-height:var( --e-global-typography-cc376d8-line-height );letter-spacing:var( --e-global-typography-cc376d8-letter-spacing );word-spacing:var( --e-global-typography-cc376d8-word-spacing );}.elementor-22 .elementor-element.elementor-element-cec4415 .cart td span, .elementor-22 .elementor-element.elementor-element-cec4415 .cart td, .elementor-22 .elementor-element.elementor-element-cec4415 .input-text.qty{font-size:var( --e-global-typography-cc376d8-font-size );line-height:var( --e-global-typography-cc376d8-line-height );letter-spacing:var( --e-global-typography-cc376d8-letter-spacing );word-spacing:var( --e-global-typography-cc376d8-word-spacing );}.elementor-22 .elementor-element.elementor-element-cec4415 .product-name .variation{font-size:var( --e-global-typography-cc376d8-font-size );line-height:var( --e-global-typography-cc376d8-line-height );letter-spacing:var( --e-global-typography-cc376d8-letter-spacing );word-spacing:var( --e-global-typography-cc376d8-word-spacing );}}<\/style>\t\t<div data-elementor-type=\"wp-page\" data-elementor-id=\"22\" class=\"elementor elementor-22\" data-elementor-post-type=\"page\">\n\t\t\t\t\t\t<section class=\"elementor-section elementor-top-section elementor-element elementor-element-fc82e4f elementor-section-height-min-height elementor-section-boxed elementor-section-height-default elementor-section-items-middle wpr-particle-no wpr-jarallax-no wpr-parallax-no wpr-sticky-section-no e-parent\" data-id=\"fc82e4f\" data-element_type=\"section\" data-e-type=\"section\" data-settings=\"{&quot;background_background&quot;:&quot;classic&quot;}\">\n\t\t\t\t\t\t\t<div class=\"elementor-background-overlay\"><\/div>\n\t\t\t\t\t\t\t<div class=\"elementor-container elementor-column-gap-no\">\n\t\t\t\t\t<div class=\"elementor-column elementor-col-100 elementor-top-column elementor-element elementor-element-682b4da lakit-col-width-auto-no\" data-id=\"682b4da\" data-element_type=\"column\" data-e-type=\"column\">\n\t\t\t<div class=\"elementor-widget-wrap elementor-element-populated\">\n\t\t\t\t\t\t\t<\/div>\n\t\t<\/div>\n\t\t\t\t\t<\/div>\n\t\t<\/section>\n\t\t\t\t<section class=\"elementor-section elementor-top-section elementor-element elementor-element-3d32e2b elementor-section-content-middle elementor-section-boxed elementor-section-height-default elementor-section-height-default wpr-particle-no wpr-jarallax-no wpr-parallax-no wpr-sticky-section-no e-parent\" data-id=\"3d32e2b\" data-element_type=\"section\" data-e-type=\"section\">\n\t\t\t\t\t\t<div class=\"elementor-container elementor-column-gap-no\">\n\t\t\t\t\t<div class=\"elementor-column elementor-col-100 elementor-top-column elementor-element elementor-element-91cd5ba lakit-col-width-auto-no\" data-id=\"91cd5ba\" data-element_type=\"column\" data-e-type=\"column\">\n\t\t\t<div class=\"elementor-widget-wrap elementor-element-populated\">\n\t\t\t\t\t\t\t<\/div>\n\t\t<\/div>\n\t\t\t\t\t<\/div>\n\t\t<\/section>\n\t\t\t\t<\/div>\n\t\t","protected":false},"excerpt":{"rendered":"<p>&nbsp; produs &nbsp; Pre\u021b Cantitate Sub-total &times; Inghetata Cirese si Lapte 8,00&nbsp;lei Cantitate Inghetata Cirese si Lapte 16,00&nbsp;lei &times; Inghetata Vanilie 8,00&nbsp;lei Cantitate Inghetata Vanilie 8,00&nbsp;lei &times; Tropical 18,00&nbsp;lei Cantitate Tropical 36,00&nbsp;lei &times; Passion Mango 20,00&nbsp;lei Cantitate Passion Mango 40,00&nbsp;lei &times; Tort Carrot Cake 135,00&nbsp;leiGramajul poate varia usor in functie de procesul de preparare.&nbsp;135,00&nbsp;lei&nbsp;\/kg Cantitate Tort Carrot Cake 405,00&nbsp;lei &times; Inghetata Ciocolata 8,00&nbsp;lei Cantitate Inghetata Ciocolata 8,00&nbsp;lei &times; PLATOU MINIECLER 80,00&nbsp;leiGramajul poate varia usor in functie de procesul de preparare.&nbsp;80,00&nbsp;lei&nbsp;\/kg Cantitate PLATOU MINIECLER 240,00&nbsp;lei &times; PLATOU PRAJITURA CU NUCA SI ALUNE 100,00&nbsp;leiGramajul poate varia usor in functie de procesul de preparare.&nbsp;100,00&nbsp;lei&nbsp;\/kg Cantitate PLATOU PRAJITURA CU NUCA SI ALUNE 100,00&nbsp;lei &times; PLATOU MINIURI 86,00&nbsp;leiGramajul poate varia usor in functie de procesul de preparare.&nbsp;86,00&nbsp;lei&nbsp;\/kg Cantitate PLATOU MINIURI 86,00&nbsp;lei &times; PRAJITURI ASORTATE UNT 80,00&nbsp;leiGramajul poate varia usor in functie de procesul de preparare.&nbsp;80,00&nbsp;lei&nbsp;\/kg Cantitate PRAJITURI ASORTATE UNT 240,00&nbsp;lei &times; RULOURI VANILIE 65,00&nbsp;leiGramajul poate varia usor in functie de procesul de preparare.&nbsp;65,00&nbsp;lei&nbsp;\/kg Cantitate RULOURI VANILIE 65,00&nbsp;lei &times; MACARONS 180,00&nbsp;leiGramajul poate varia usor in functie de procesul de preparare.&nbsp;180,00&nbsp;lei&nbsp;\/kg Cantitate MACARONS 180,00&nbsp;lei Total Sub-total 1.424,00&nbsp;lei Livrare Ridica din cofetarie Livrare acasa &#8211; (Gratuit) Peste100 lei &gt; Livrare gratuita! Livrare la V\u00e2lcea. Modific\u0103 adresa \u021aar\u0103\/regiune Selecteaz\u0103 o \u021bar\u0103\/regiune&#8230;Rom\u00e2nia Jude\u021b\/provincie\/stat Selecteaz\u0103 o op\u021biune&#8230;AlbaAradArge\u0219Bac\u0103uBihorBistri\u021ba-N\u0103s\u0103udBoto\u0219aniBr\u0103ilaBra\u0219ovBucure\u0219tiBuz\u0103uC\u0103l\u0103ra\u0219iCara\u0219-SeverinClujConstan\u021baCovasnaD\u00e2mbovi\u021baDoljGala\u021biGiurgiuGorjHarghitaHunedoaraIalomi\u021baIa\u0219iIlfovMaramure\u0219Mehedin\u021biMure\u0219Neam\u021bOltPrahovaS\u0103lajSatu MareSibiuSuceavaTeleormanTimi\u0219TulceaV\u00e2lceaVasluiVrancea Localitate: Cod po\u0219tal\/ZIP: Actualizare Total 1.424,00&nbsp;lei Continuati cu finalizarea comenzii<\/p>","protected":false},"author":1,"featured_media":0,"parent":0,"menu_order":0,"comment_status":"closed","ping_status":"closed","template":"","meta":{"footnotes":""},"class_list":["post-22","page","type-page","status-publish","hentry"],"_links":{"self":[{"href":"https:\/\/cofetariatheo.wp.stdev.ro\/en\/wp-json\/wp\/v2\/pages\/22","targetHints":{"allow":["GET"]}}],"collection":[{"href":"https:\/\/cofetariatheo.wp.stdev.ro\/en\/wp-json\/wp\/v2\/pages"}],"about":[{"href":"https:\/\/cofetariatheo.wp.stdev.ro\/en\/wp-json\/wp\/v2\/types\/page"}],"author":[{"embeddable":true,"href":"https:\/\/cofetariatheo.wp.stdev.ro\/en\/wp-json\/wp\/v2\/users\/1"}],"replies":[{"embeddable":true,"href":"https:\/\/cofetariatheo.wp.stdev.ro\/en\/wp-json\/wp\/v2\/comments?post=22"}],"version-history":[{"count":13,"href":"https:\/\/cofetariatheo.wp.stdev.ro\/en\/wp-json\/wp\/v2\/pages\/22\/revisions"}],"predecessor-version":[{"id":1439,"href":"https:\/\/cofetariatheo.wp.stdev.ro\/en\/wp-json\/wp\/v2\/pages\/22\/revisions\/1439"}],"wp:attachment":[{"href":"https:\/\/cofetariatheo.wp.stdev.ro\/en\/wp-json\/wp\/v2\/media?parent=22"}],"curies":[{"name":"wp","href":"https:\/\/api.w.org\/{rel}","templated":true}]}}